{"id":490,"date":"2024-06-06T14:53:43","date_gmt":"2024-06-06T14:53:43","guid":{"rendered":"https:\/\/cway.pt\/?page_id=490"},"modified":"2024-06-06T14:53:45","modified_gmt":"2024-06-06T14:53:45","slug":"solucoes","status":"publish","type":"page","link":"https:\/\/cway.pt\/?page_id=490","title":{"rendered":"SOLU\u00c7\u00d5ES"},"content":{"rendered":"\n  \n    <section class=\"u-clearfix u-section-1\" id=\"carousel_03a5\">\n      <div class=\"u-clearfix u-sheet u-sheet-1\">\n        <div class=\"custom-expanded u-shape u-shape-svg u-text-palette-1-base u-shape-1\" data-animation-name=\"customAnimationIn\" data-animation-duration=\"1500\" data-animation-delay=\"500\">\n          <svg class=\"u-svg-link\" preserveAspectRatio=\"none\" viewBox=\"0 0 160 150\" style=\"\"><use xlink:href=\"#svg-af5b\"><\/use><\/svg>\n          <svg class=\"u-svg-content\" viewBox=\"0 0 160 150\" x=\"0px\" y=\"0px\" id=\"svg-af5b\"><path d=\"M43.2,126.9c14.2,1.3,27.6,7,39.1,15.6c8.3,6.1,19.4,10.3,32.7,5.3c11.7-4.4,18.6-17.4,21-30.2c2.6-13.3,8.1-25.9,15.7-37.1\n\tc8.3-12.1,10.8-27.9,5.3-42.7C150.5,20.3,134.6,9,117,7.6C107.9,6.9,98.8,5,90.1,1.9C83-0.6,75-0.7,67.4,2.1\n\tc-9.9,3.7-17,11.6-20.1,21c-3.3,10.1-10.9,18-20.6,22.2c-0.1,0-0.1,0.1-0.2,0.1c-20.3,8.9-31,32-24.6,53.2\n\tC6.9,115.6,25.2,125.2,43.2,126.9z\"><\/path><\/svg>\n        <\/div>\n        <div class=\"u-align-left u-image u-image-circle u-image-1\" data-image-width=\"1920\" data-image-height=\"1280\" data-animation-name=\"flipIn\" data-animation-duration=\"1500\" data-animation-direction=\"X\" data-animation-delay=\"500\" style=\"background-image: url(&quot;https:\/\/cway.pt\/wp-content\/uploads\/2024\/06\/AdobeStock_294312667-1.jpeg&quot;);\"><\/div>\n        <div class=\"u-palette-1-light-2 u-shape u-shape-circle u-shape-2\" data-animation-name=\"customAnimationIn\" data-animation-duration=\"1500\" data-animation-delay=\"750\"><\/div>\n        <div class=\"custom-expanded u-align-left u-container-style u-group u-radius-20 u-shape-round u-white u-group-1\" data-animation-name=\"customAnimationIn\" data-animation-duration=\"1500\" data-animation-delay=\"1000\">\n          <div class=\"u-container-layout u-container-layout-1\">\n            <h2 class=\"u-align-left u-text u-text-1\">NOVA SOLU\u00c7\u00c3O <\/h2>\n            <p class=\"u-align-left u-text u-text-2\">A CWAY tem uma equipa de desenvolvimento de solu\u00e7\u00f5es para os ambientes Smartcity\u200b, mais que um produto, uma solu\u00e7\u00e3o para um problema \u00e9 o caminho certo ajudar a melhor a qualidade de vida dos cidad\u00e3os. Esse \u00e9 o nosso ponto de partida.<\/p>\n            <a href=\"mailto:info@cway.pt?subject=web%20contact\" class=\"u-active-white u-align-left u-border-2 u-border-active-palette-1-base u-border-hover-palette-1-base u-border-palette-1-base u-btn u-btn-round u-button-style u-custom-font u-font-montserrat u-hover-white u-palette-1-base u-radius-50 u-text-active-palette-1-base u-text-body-alt-color u-text-hover-palette-1-base u-btn-1\" data-animation-name=\"\" data-animation-duration=\"0\" data-animation-delay=\"0\" data-animation-direction=\"\">Fale Connosco<\/a>\n          <\/div>\n        <\/div>\n      <\/div>\n    <\/section>\n    <section class=\"u-align-center u-clearfix u-white u-section-2\" id=\"carousel_39fa\">\n      \n      \n      \n      \n      \n      \n      \n      \n      \n      \n      \n      \n      \n      \n      \n      \n      \n      \n      \n      \n      \n      \n      \n      \n      <div class=\"u-clearfix u-sheet u-sheet-1\">\n        <h2 class=\"u-align-center u-text u-text-default u-text-1\" data-animation-name=\"customAnimationIn\" data-animation-duration=\"1500\" data-animation-delay=\"0\"> SEGURAN\u00c7A RODOVI\u00c1RIA - MOBILIDADE URBANA - SMARTCITIES &nbsp;&nbsp;<\/h2>\n        <div class=\"u-expanded-width u-layout-grid u-list u-list-1\">\n          <div class=\"u-repeater u-repeater-1\">\n            <div class=\"u-align-center u-container-style u-list-item u-repeater-item u-shape-rectangle u-list-item-1\" data-animation-name=\"customAnimationIn\" data-animation-duration=\"1500\" data-animation-delay=\"500\">\n              <div class=\"u-container-layout u-similar-container u-valign-top u-container-layout-1\">\n                <img decoding=\"async\" class=\"u-expanded-width u-image u-image-round u-radius-20 u-image-1\" src=\"https:\/\/cway.pt\/wp-content\/uploads\/2024\/06\/gmr_londres-1.jpeg\" alt=\"\" data-image-width=\"960\" data-image-height=\"1280\">\n                <h5 class=\"u-align-center u-hover-feature u-text u-text-2\"> Passadeira Inteligente&nbsp;<\/h5>\n                <p class=\"u-align-center u-text u-text-3\">Uma solu\u00e7\u00e3o \u00fanica para as passadeiras de pe\u00f5es mais perigosas, com iA na dete\u00e7\u00e3o, ilumina\u00e7\u00e3o de alerta e dedicada, anal\u00edtica de mobilidade com monitoriza\u00e7\u00e3o online <\/p>\n              <\/div>\n            <\/div>\n            <div class=\"u-align-center u-container-style u-list-item u-repeater-item u-shape-rectangle u-list-item-2\" data-animation-name=\"customAnimationIn\" data-animation-duration=\"1500\" data-animation-delay=\"500\">\n              <div class=\"u-container-layout u-similar-container u-valign-top u-container-layout-2\">\n                <img decoding=\"async\" class=\"u-expanded-width u-image u-image-round u-radius-20 u-image-2\" src=\"https:\/\/cway.pt\/wp-content\/uploads\/2024\/06\/IMG_86644grande-1.jpeg\" alt=\"\" data-image-width=\"960\" data-image-height=\"1280\">\n                <h5 class=\"u-align-center u-hover-feature u-text u-text-4\">Coluna 100% aut\u00f3noma <\/h5>\n                <p class=\"u-align-center u-text u-text-5\"> Uma solu\u00e7\u00e3o magica para todos os projectos com elevada complexidade energ\u00e9tica e conectividade. E\u00f3lica e Solar 100% aut\u00f3noma.<br>mobilidade - cctv - sensores &nbsp;\n                <\/p>\n              <\/div>\n            <\/div>\n            <div class=\"u-align-center u-container-style u-list-item u-repeater-item u-shape-rectangle u-list-item-3\" data-animation-name=\"customAnimationIn\" data-animation-duration=\"1500\" data-animation-delay=\"500\">\n              <div class=\"u-container-layout u-similar-container u-valign-top u-container-layout-3\">\n                <img decoding=\"async\" class=\"u-expanded-width u-image u-image-round u-radius-20 u-image-3\" src=\"https:\/\/cway.pt\/wp-content\/uploads\/2024\/06\/IMG_53815grande-1.jpeg\" alt=\"\" data-image-width=\"1280\" data-image-height=\"960\">\n                <h5 class=\"u-align-center u-hover-feature u-text u-text-6\"> Salas de Controlo<\/h5>\n                <p class=\"u-align-center u-text u-text-7\">As salas de comando e controlo tem uma import\u00e2ncia extrema nas cidades inteligentes.a<br>Agregar informa\u00e7\u00e3o \u00e9 fundamental para melhores tomadas de decis\u00e3o.\n                <\/p>\n              <\/div>\n            <\/div>\n            <div class=\"u-align-center u-container-style u-list-item u-repeater-item u-shape-rectangle u-list-item-4\" data-animation-name=\"customAnimationIn\" data-animation-duration=\"1500\" data-animation-delay=\"500\">\n              <div class=\"u-container-layout u-similar-container u-valign-top u-container-layout-4\">\n                <img decoding=\"async\" class=\"u-expanded-width u-image u-image-round u-radius-20 u-image-4\" src=\"https:\/\/cway.pt\/wp-content\/uploads\/2024\/06\/IMG_0555grande-1.jpeg\" alt=\"\" data-image-width=\"960\" data-image-height=\"1280\">\n                <h5 class=\"u-align-center u-hover-feature u-text u-text-8\"> Sensores Ambientais<\/h5>\n                <p class=\"u-align-center u-text u-text-9\"> A monitoriza\u00e7\u00e3o da qualidade do Ar, o ru\u00eddo associado a temperatura, humidade e press\u00e3o s\u00e3o fundamentais para a qualidade de vida e sa\u00fade de todos. Os nossos sensores oferecem dados em tempo real e fi\u00e1veis para mapear os indices de polui\u00e7\u00e3o associados \u00e0 mobilidade urbana.&nbsp;<\/p>\n              <\/div>\n            <\/div>\n            <div class=\"u-align-center u-container-style u-list-item u-repeater-item u-shape-rectangle u-list-item-5\" data-animation-name=\"customAnimationIn\" data-animation-duration=\"1500\" data-animation-delay=\"500\">\n              <div class=\"u-container-layout u-similar-container u-valign-top u-container-layout-5\">\n                <img decoding=\"async\" class=\"u-expanded-width u-image u-image-round u-radius-20 u-image-5\" src=\"https:\/\/cway.pt\/wp-content\/uploads\/2024\/06\/IMG_12422grande-1.jpeg\" alt=\"\" data-image-width=\"960\" data-image-height=\"1280\">\n                <h5 class=\"u-align-center u-hover-feature u-text u-text-10\"> Smart Parking&nbsp;<\/h5>\n                <p class=\"u-align-center u-text u-text-11\"> Os nossos sensores de monitoriza\u00e7\u00e3o de estacionamento operam em nb-iot ou lora, tendo uma bateria para mais de 5 anos. Instala\u00e7\u00e3o simples e r\u00e1pida oferecem &nbsp;uma solu\u00e7\u00e3o fabulosa para as nossas ruas, em que a procura de estacionamento &nbsp;\u00e9 causa de mais de 30% do trafego citadino<\/p>\n              <\/div>\n            <\/div>\n            <div class=\"u-align-center u-container-style u-list-item u-repeater-item u-shape-rectangle u-list-item-6\" data-animation-name=\"customAnimationIn\" data-animation-duration=\"1500\" data-animation-delay=\"500\">\n              <div class=\"u-container-layout u-similar-container u-valign-top u-container-layout-6\">\n                <img decoding=\"async\" class=\"u-expanded-width u-image u-image-round u-radius-20 u-image-6\" src=\"https:\/\/cway.pt\/wp-content\/uploads\/2024\/06\/IMG_68556grande-1.jpeg\" alt=\"\" data-image-width=\"960\" data-image-height=\"1280\">\n                <h5 class=\"u-align-center u-hover-feature u-text u-text-12\"> IA Video anal\u00edtico&nbsp;<\/h5>\n                <p class=\"u-align-center u-text u-text-13\"> Analisar a mobilidade urbana \u00e9 fundamental numa cidade inteligente. Os nossos sensores anal\u00edticos com vis\u00e3o artificial e &nbsp;IA, oferecem mais de 14 m\u00e9tricas em tempo real, onde \u00e9 poss\u00edvel ter resultados com uma fiabilidade excepcional.&nbsp;<br>Quantificar, analisar e reportar \u00e9 a solu\u00e7\u00e3o certa para melhorar as nossas vilas e cidades. &nbsp;\n                <\/p>\n              <\/div>\n            <\/div>\n          <\/div>\n        <\/div>\n      <\/div>\n      \n      \n      \n      \n      \n      \n      \n      \n      \n      \n      \n      \n      \n      \n    <\/section>\n    <section class=\"u-clearfix u-white u-section-3\" id=\"sec-6dd8\">\n      <div class=\"u-clearfix u-sheet u-sheet-1\">\n        <div class=\"u-shape u-shape-svg u-text-palette-1-base u-shape-1\" data-animation-name=\"flipIn\" data-animation-duration=\"1500\" data-animation-direction=\"X\" data-animation-delay=\"750\">\n          <svg class=\"u-svg-link\" preserveAspectRatio=\"none\" viewBox=\"0 0 160 150\" style=\"\"><use xlink:href=\"#svg-40dc\"><\/use><\/svg>\n          <svg class=\"u-svg-content\" viewBox=\"0 0 160 150\" x=\"0px\" y=\"0px\" id=\"svg-40dc\"><path d=\"M43.2,126.9c14.2,1.3,27.6,7,39.1,15.6c8.3,6.1,19.4,10.3,32.7,5.3c11.7-4.4,18.6-17.4,21-30.2c2.6-13.3,8.1-25.9,15.7-37.1\n\tc8.3-12.1,10.8-27.9,5.3-42.7C150.5,20.3,134.6,9,117,7.6C107.9,6.9,98.8,5,90.1,1.9C83-0.6,75-0.7,67.4,2.1\n\tc-9.9,3.7-17,11.6-20.1,21c-3.3,10.1-10.9,18-20.6,22.2c-0.1,0-0.1,0.1-0.2,0.1c-20.3,8.9-31,32-24.6,53.2\n\tC6.9,115.6,25.2,125.2,43.2,126.9z\"><\/path><\/svg>\n        <\/div>\n        <img decoding=\"async\" class=\"u-image u-image-circle u-preserve-proportions u-image-1\" src=\"https:\/\/cway.pt\/wp-content\/uploads\/2024\/06\/AdobeStock_571629833-1.jpeg\" alt=\"\" data-image-width=\"1920\" data-image-height=\"1280\" data-animation-name=\"customAnimationIn\" data-animation-duration=\"1500\" data-animation-delay=\"500\">\n        <div class=\"u-image u-image-circle u-image-2\" alt=\"\" data-image-width=\"960\" data-image-height=\"1280\" data-animation-name=\"customAnimationIn\" data-animation-duration=\"1500\" style=\"background-image: url(&quot;https:\/\/cway.pt\/wp-content\/uploads\/2024\/06\/IMG_84424grande-1.jpeg&quot;);\"><\/div>\n        <div class=\"u-container-style u-expanded-width-xs u-group u-shape-rectangle u-group-1\" data-animation-name=\"customAnimationIn\" data-animation-duration=\"1500\" data-animation-delay=\"500\">\n          <div class=\"u-container-layout u-valign-top u-container-layout-1\">\n            <h2 class=\"u-align-left u-text u-text-body-alt-color u-text-1\">INFO TOTEM&nbsp;<br>\u00e0 medid\u200ba do seu projecto\n            <\/h2>\n            <p class=\"u-align-justify u-text u-text-body-alt-color u-text-2\"> A informa\u00e7\u00e3o recolhida dos diversos sensores s\u00f3 tem valor se for disponilizada a todos os cidad\u00e3os, por isso projectamos, desenhamos e constru\u00edmos o seu INFO TOTEM \u00e0 medida do seu projecto.. <\/p>\n            <a href=\"mailto:info@cway.pt?subject=web%20contact\" class=\"u-active-palette-1-light-3 u-align-left u-border-2 u-border-active-palette-1-base u-border-hover-palette-1-base u-border-palette-1-base u-btn u-btn-round u-button-style u-custom-font u-font-montserrat u-hover-palette-1-light-3 u-radius-50 u-text-active-palette-1-base u-text-hover-palette-1-base u-text-palette-1-base u-white u-btn-1\" data-animation-name=\"\" data-animation-duration=\"0\" data-animation-delay=\"0\" data-animation-direction=\"\">fale connosco<\/a>\n          <\/div>\n        <\/div>\n      <\/div>\n    <\/section>\n    <section class=\"u-align-center u-clearfix u-white u-section-4\" id=\"carousel_6b2a\">\n      <div class=\"u-align-center u-container-align-center u-container-style u-expanded-width u-group u-palette-1-base u-group-1\">\n        <div class=\"u-container-layout u-container-layout-1\">\n          <h2 class=\"u-text u-text-1\" data-animation-name=\"customAnimationIn\" data-animation-duration=\"1500\">&nbsp;UMA EQUIPA DEDICADA AO SEU PROJECTO<\/h2>\n          <p class=\"u-text u-text-2\" data-animation-name=\"customAnimationIn\" data-animation-duration=\"1500\">Sabemos que uma boa instala\u00e7\u00e3o e integra\u00e7\u00e3o, cumprindo todos os requisitos e prazos s\u00e3o fundamentais para um bom projecto. A nossa equipa d\u00e1 sempre o seu melhor com todo o empenho e dedica\u00e7\u00e3o para que isso aconte\u00e7a.<\/p>\n          <div class=\"u-expanded-width u-gallery u-layout-grid u-no-transition u-show-text-none u-gallery-1\">\n            <div class=\"u-gallery-inner u-gallery-inner-1\">\n              <div class=\"u-gallery-item u-shape-rectangle\">\n                <div class=\"u-back-slide\" data-image-width=\"960\" data-image-height=\"1280\">\n                  <img decoding=\"async\" class=\"u-back-image u-expanded\" src=\"https:\/\/cway.pt\/wp-content\/uploads\/2024\/06\/IMG_5340grande-1.jpeg\">\n                <\/div>\n                <div class=\"u-over-slide u-shading u-over-slide-1\"><\/div>\n              <\/div>\n              <div class=\"u-gallery-item u-shape-rectangle\">\n                <div class=\"u-back-slide\" data-image-width=\"1280\" data-image-height=\"960\">\n                  <img decoding=\"async\" class=\"u-back-image u-expanded\" src=\"https:\/\/cway.pt\/wp-content\/uploads\/2024\/06\/IMG_83533grande-1.jpeg\">\n                <\/div>\n                <div class=\"u-over-slide u-shading u-over-slide-2\"><\/div>\n              <\/div>\n              <div class=\"u-gallery-item u-shape-rectangle\">\n                <div class=\"u-back-slide\" data-image-width=\"960\" data-image-height=\"1280\">\n                  <img decoding=\"async\" class=\"u-back-image u-expanded\" src=\"https:\/\/cway.pt\/wp-content\/uploads\/2024\/06\/IMG_1416grande-1.jpeg\">\n                <\/div>\n                <div class=\"u-over-slide u-shading u-over-slide-3\"><\/div>\n              <\/div>\n              <div class=\"u-gallery-item u-shape-rectangle\">\n                <div class=\"u-back-slide\" data-image-width=\"960\" data-image-height=\"1280\">\n                  <img decoding=\"async\" class=\"u-back-image u-expanded\" src=\"https:\/\/cway.pt\/wp-content\/uploads\/2024\/06\/IMG_0688grande-1.jpeg\">\n                <\/div>\n                <div class=\"u-over-slide u-shading u-over-slide-4\"><\/div>\n              <\/div>\n              <div class=\"u-gallery-item u-shape-rectangle\">\n                <div class=\"u-back-slide\" data-image-width=\"960\" data-image-height=\"1280\">\n                  <img decoding=\"async\" class=\"u-back-image u-expanded\" src=\"https:\/\/cway.pt\/wp-content\/uploads\/2024\/06\/IMG_1529grande-1.jpeg\">\n                <\/div>\n                <div class=\"u-over-slide u-shading u-over-slide-5\"><\/div>\n              <\/div>\n              <div class=\"u-gallery-item u-shape-rectangle\">\n                <div class=\"u-back-slide\" data-image-width=\"960\" data-image-height=\"1280\">\n                  <img decoding=\"async\" class=\"u-back-image u-expanded\" src=\"https:\/\/cway.pt\/wp-content\/uploads\/2024\/06\/IMG_5448grande-1.jpeg\">\n                <\/div>\n                <div class=\"u-over-slide u-shading u-over-slide-6\"><\/div>\n              <\/div>\n              <div class=\"u-gallery-item u-shape-rectangle\">\n                <div class=\"u-back-slide\" data-image-width=\"480\" data-image-height=\"640\">\n                  <img decoding=\"async\" class=\"u-back-image u-expanded\" src=\"https:\/\/cway.pt\/wp-content\/uploads\/2024\/06\/IMG_1337media-1.jpeg\">\n                <\/div>\n                <div class=\"u-over-slide u-shading u-over-slide-7\"><\/div>\n              <\/div>\n              <div class=\"u-gallery-item u-shape-rectangle\">\n                <div class=\"u-back-slide\" data-image-width=\"960\" data-image-height=\"1280\">\n                  <img decoding=\"async\" class=\"u-back-image u-expanded\" src=\"https:\/\/cway.pt\/wp-content\/uploads\/2024\/06\/IMG_6796grande-1.jpeg\">\n                <\/div>\n                <div class=\"u-over-slide u-shading u-over-slide-8\"><\/div>\n              <\/div>\n              <div class=\"u-gallery-item u-shape-rectangle\">\n                <div class=\"u-back-slide\" data-image-width=\"1280\" data-image-height=\"960\">\n                  <img decoding=\"async\" class=\"u-back-image u-expanded\" src=\"https:\/\/cway.pt\/wp-content\/uploads\/2024\/06\/IMG_6749grande-1.jpeg\">\n                <\/div>\n                <div class=\"u-over-slide u-shading u-over-slide-9\"><\/div>\n              <\/div>\n            <\/div>\n          <\/div>\n        <\/div>\n      <\/div>\n    <\/section>\n    \n    \n    \n    \n    \n  \n","protected":false},"excerpt":{"rendered":"<p>NOVA SOLU\u00c7\u00c3O A CWAY tem uma equipa de desenvolvimento de solu\u00e7\u00f5es para os ambientes Smartcity\u200b, mais que um produto, uma solu\u00e7\u00e3o para um problema \u00e9 o caminho certo ajudar a melhor a qualidade de vida dos cidad\u00e3os. Esse \u00e9 o nosso ponto de partida. Fale Connosco SEGURAN\u00c7A RODOVI\u00c1RIA &#8211; MOBILIDADE URBANA &#8211; SMARTCITIES &nbsp;&nbsp; Passadeira &hellip; <a href=\"https:\/\/cway.pt\/?page_id=490\" class=\"more-link\">Continue reading<span class=\"screen-reader-text\"> &#8220;SOLU\u00c7\u00d5ES&#8221;<\/span><\/a><\/p>\n","protected":false},"author":1,"featured_media":0,"parent":0,"menu_order":5,"comment_status":"closed","ping_status":"closed","template":"","meta":{"footnotes":""},"class_list":["post-490","page","type-page","status-publish","hentry"],"_links":{"self":[{"href":"https:\/\/cway.pt\/index.php?rest_route=\/wp\/v2\/pages\/490","targetHints":{"allow":["GET"]}}],"collection":[{"href":"https:\/\/cway.pt\/index.php?rest_route=\/wp\/v2\/pages"}],"about":[{"href":"https:\/\/cway.pt\/index.php?rest_route=\/wp\/v2\/types\/page"}],"author":[{"embeddable":true,"href":"https:\/\/cway.pt\/index.php?rest_route=\/wp\/v2\/users\/1"}],"replies":[{"embeddable":true,"href":"https:\/\/cway.pt\/index.php?rest_route=%2Fwp%2Fv2%2Fcomments&post=490"}],"version-history":[{"count":1,"href":"https:\/\/cway.pt\/index.php?rest_route=\/wp\/v2\/pages\/490\/revisions"}],"predecessor-version":[{"id":501,"href":"https:\/\/cway.pt\/index.php?rest_route=\/wp\/v2\/pages\/490\/revisions\/501"}],"wp:attachment":[{"href":"https:\/\/cway.pt\/index.php?rest_route=%2Fwp%2Fv2%2Fmedia&parent=490"}],"curies":[{"name":"wp","href":"https:\/\/api.w.org\/{rel}","templated":true}]}}