{"id":489,"date":"2024-06-06T14:53:42","date_gmt":"2024-06-06T14:53:42","guid":{"rendered":"https:\/\/cway.pt\/?page_id=489"},"modified":"2024-06-07T10:44:29","modified_gmt":"2024-06-07T10:44:29","slug":"pagina-inicial","status":"publish","type":"page","link":"https:\/\/cway.pt\/","title":{"rendered":"P\u00e1gina Inicial"},"content":{"rendered":"\n    \n    <section class=\"u-align-center u-clearfix u-container-align-center-md u-container-align-center-sm u-grey-5 u-section-2\" id=\"carousel_84dc\">\n      <div class=\"u-clearfix u-sheet u-sheet-1\">\n        <h2 class=\"u-align-center u-custom-font u-font-montserrat u-text u-text-1\">bem-vindos<\/h2>\n        <img decoding=\"async\" class=\"u-expanded-width u-image u-image-round u-radius u-image-1\" src=\"https:\/\/cway.pt\/wp-content\/uploads\/2024\/06\/be8899e7b1d84bcf12f02c2ee953f090ea1d3c8ddfd49555fab597d5e7fcfa314e56124aca5e988dd5205c37db8f123fde04bcd9554863b829f28a_1280-1.jpg\" alt=\"\" data-image-width=\"1280\" data-image-height=\"475\">\n        <div class=\"u-align-center u-container-style u-expanded-width-xs u-group u-radius u-shape-round u-white u-group-1\">\n          <div class=\"u-container-layout u-valign-middle u-container-layout-1\">\n            <p class=\"u-align-center u-custom-font u-heading-font u-text u-text-palette-1-base u-text-2\">Sejam bem-vindos,.<br>Acreditamos que na vida e nos neg\u00f3cios, a credibilidade, &nbsp;a confian\u00e7a e o respeito s\u00e3o a base para um caminho de sucesso ao qual devemos &nbsp;juntar o profissionalismo, a dedica\u00e7\u00e3o, a capacidade de fazer diferente e melhor.<br>Respeitando e valorizando os parceiros, os clientes e amigos, s\u00f3 assim crescemos e conquistamos a nossa parte da sociedade.&nbsp;<br>Agradecemos a sua visita, &nbsp;desejando que se sinta em nossa casa..<br>Aqui de forma simples, realista e descomplicada, partilhamos os nossos projectos, a nossa capacidade, as nossas solu\u00e7\u00f5es, acreditando que ser\u00e1 a melhor forma de nos dar-mos a conhecer.<br>\n              <br>Obrigado,&nbsp;<br>A equipa CWAY. \n            <\/p>\n          <\/div>\n        <\/div>\n      <\/div>\n    <\/section>\n    <section class=\"u-clearfix u-white u-section-3\" id=\"carousel_4e03\">\n      <div class=\"u-clearfix u-sheet u-valign-middle-lg u-valign-middle-md u-valign-middle-sm u-sheet-1\">\n        <div class=\"u-container-style u-gradient u-group u-radius u-shape-round u-group-1\" data-animation-name=\"customAnimationIn\" data-animation-duration=\"1500\" data-animation-delay=\"500\">\n          <div class=\"u-container-layout u-container-layout-1\">\n            <img decoding=\"async\" class=\"u-expanded-width u-image u-image-contain u-image-default u-image-1\" src=\"https:\/\/cway.pt\/wp-content\/uploads\/2024\/06\/draftcoluna-1.png\" alt=\"\" data-image-width=\"527\" data-image-height=\"1047\">\n          <\/div>\n        <\/div>\n        <img decoding=\"async\" class=\"custom-expanded u-image u-image-round u-radius-20 u-image-2\" data-image-width=\"1280\" data-image-height=\"853\" src=\"https:\/\/cway.pt\/wp-content\/uploads\/2024\/06\/a5053af2a1f4a565a83e051187b46f8d7ab6712d60f5c7ce14176329f88319ca3e7f87577ccca8cf156bfd150179b623539abd9d7ba27a3a4ddfd6_1280-1.jpg\">\n        <div class=\"custom-expanded u-border-1 u-border-palette-1-base u-container-align-left u-container-style u-group u-radius u-shape-round u-white u-group-2\" data-animation-name=\"flipIn\" data-animation-duration=\"1500\" data-animation-direction=\"X\" data-animation-delay=\"0\">\n          <div class=\"u-container-layout u-container-layout-2\">\n            <h2 class=\"u-align-left u-text u-text-palette-2-base u-text-1\">Oferecemos solu\u00e7\u00f5es \u00e0 sua medida&nbsp;<\/h2>\n            <p class=\"u-align-left u-text u-text-grey-60 u-text-2\">Temos experi\u00eancia nas mais diversas \u00e1reas de seguran\u00e7a rodovi\u00e1ria, cidades inteligentes, protec\u00e7\u00e3o de bens e pessoas, prote\u00e7\u00e3o civil e salas de comando e controlo. <\/p>\n            <ul class=\"u-align-left u-custom-list u-text u-text-3\">\n              <li style=\"padding-left: 15px;\">\n                <div class=\"u-list-icon u-text-palette-2-base\">\n                  <svg class=\"u-svg-content\" viewBox=\"0 0 512 512\" id=\"svg-13bb\" style=\"font-size: 1em; margin: -1em;\"><path d=\"m202.6 478-202.6-186.6 70.5-76.6 121.5 111.9 239.4-292.7 80.6 65.9z\" fill=\"currentColor\"><\/path><\/svg>\n                <\/div>Consultoria em projectos smartcity, mobilidade e seguran\u00e7a rodovi\u00e1ria.&nbsp; \n              <\/li>\n              <li style=\"padding-left: 15px;\">\n                <div class=\"u-list-icon u-text-palette-2-base\">\n                  <svg class=\"u-svg-content\" viewBox=\"0 0 512 512\" id=\"svg-13bb\" style=\"font-size: 1em; margin: -1em;\"><path d=\"m202.6 478-202.6-186.6 70.5-76.6 121.5 111.9 239.4-292.7 80.6 65.9z\" fill=\"currentColor\"><\/path><\/svg>\n                <\/div>Desenvolvimento de solu\u00e7\u00f5es \u00e0 medida do seu projecto. \n              <\/li>\n              <li style=\"padding-left: 15px;\">\n                <div class=\"u-list-icon u-text-palette-2-base\">\n                  <svg class=\"u-svg-content\" viewBox=\"0 0 512 512\" id=\"svg-13bb\" style=\"font-size: 1em; margin: -1em;\"><path d=\"m202.6 478-202.6-186.6 70.5-76.6 121.5 111.9 239.4-292.7 80.6 65.9z\" fill=\"currentColor\"><\/path><\/svg>\n                <\/div>Solu\u00e7\u00f5es para mobilidade, I-cctv, seguran\u00e7a rodovi\u00e1ria, sensoriza\u00e7\u00e3o. \n              <\/li>\n              <li style=\"padding-left: 15px;\">\n                <div class=\"u-list-icon u-text-palette-2-base\">\n                  <svg class=\"u-svg-content\" viewBox=\"0 0 512 512\" id=\"svg-13bb\" style=\"font-size: 1em; margin: -1em;\"><path d=\"m202.6 478-202.6-186.6 70.5-76.6 121.5 111.9 239.4-292.7 80.6 65.9z\" fill=\"currentColor\"><\/path><\/svg>\n                <\/div>Desenvolvimento, instala\u00e7\u00e3o e integra\u00e7\u00e3o das solu\u00e7\u00f5es. \n              <\/li>\n              <li style=\"padding-left: 15px;\">\n                <div class=\"u-list-icon u-text-palette-2-base\">\n                  <svg class=\"u-svg-content\" viewBox=\"0 0 512 512\" id=\"svg-13bb\" style=\"font-size: 1em; margin: -1em;\"><path d=\"m202.6 478-202.6-186.6 70.5-76.6 121.5 111.9 239.4-292.7 80.6 65.9z\" fill=\"currentColor\"><\/path><\/svg>\n                <\/div>Acompanhamento, suporte e manuten\u00e7\u00e3o. \n              <\/li>\n            <\/ul>\n          <\/div>\n        <\/div>\n      <\/div>\n    <\/section>\n    <section class=\"u-clearfix u-palette-1-light-3 u-valign-middle-lg u-valign-middle-md u-section-4\" id=\"carousel_7d8f\">\n      <div class=\"u-clearfix u-sheet u-valign-top u-sheet-1\">\n        <div class=\"custom-expanded u-container-style u-group u-palette-1-light-2 u-radius u-shape-round u-group-1\">\n          <div class=\"u-container-layout u-container-layout-1\">\n            <img decoding=\"async\" class=\"u-image u-image-round u-radius u-image-1\" src=\"https:\/\/cway.pt\/wp-content\/uploads\/2024\/06\/AdobeStock_294312667-1.jpeg\" alt=\"\" data-image-width=\"6000\" data-image-height=\"4000\">\n          <\/div>\n        <\/div>\n        <div class=\"u-list u-list-1\">\n          <div class=\"u-repeater u-repeater-1\">\n            <div class=\"u-container-style u-list-item u-repeater-item\">\n              <div class=\"u-container-layout u-similar-container u-container-layout-2\"><span class=\"u-icon u-icon-circle u-palette-1-base u-icon-1\"><svg class=\"u-svg-link\" preserveAspectRatio=\"xMidYMin slice\" viewBox=\"0 0 60 60\" style=\"\"><use xlink:href=\"#svg-620a\"><\/use><\/svg><svg class=\"u-svg-content\" viewBox=\"0 0 60 60\" x=\"0px\" y=\"0px\" id=\"svg-620a\" style=\"enable-background:new 0 0 60 60;\"><g><path d=\"M38.914,0H6.5v60h47V14.586L38.914,0z M39.5,3.414L50.086,14H39.5V3.414z M8.5,58V2h29v14h14v42H8.5z\"><\/path><path d=\"M42.5,21h-16c-0.552,0-1,0.447-1,1s0.448,1,1,1h16c0.552,0,1-0.447,1-1S43.052,21,42.5,21z\"><\/path><path d=\"M22.875,18.219l-4.301,3.441l-1.367-1.367c-0.391-0.391-1.023-0.391-1.414,0s-0.391,1.023,0,1.414l2,2\n\t\tC17.987,23.901,18.243,24,18.5,24c0.22,0,0.441-0.072,0.624-0.219l5-4c0.432-0.346,0.501-0.975,0.156-1.406\n\t\tC23.936,17.943,23.306,17.874,22.875,18.219z\"><\/path><path d=\"M42.5,32h-16c-0.552,0-1,0.447-1,1s0.448,1,1,1h16c0.552,0,1-0.447,1-1S43.052,32,42.5,32z\"><\/path><path d=\"M22.875,29.219l-4.301,3.441l-1.367-1.367c-0.391-0.391-1.023-0.391-1.414,0s-0.391,1.023,0,1.414l2,2\n\t\tC17.987,34.901,18.243,35,18.5,35c0.22,0,0.441-0.072,0.624-0.219l5-4c0.432-0.346,0.501-0.975,0.156-1.406\n\t\tC23.936,28.943,23.306,28.874,22.875,29.219z\"><\/path><path d=\"M42.5,43h-16c-0.552,0-1,0.447-1,1s0.448,1,1,1h16c0.552,0,1-0.447,1-1S43.052,43,42.5,43z\"><\/path><path d=\"M22.875,40.219l-4.301,3.441l-1.367-1.367c-0.391-0.391-1.023-0.391-1.414,0s-0.391,1.023,0,1.414l2,2\n\t\tC17.987,45.901,18.243,46,18.5,46c0.22,0,0.441-0.072,0.624-0.219l5-4c0.432-0.346,0.501-0.975,0.156-1.406\n\t\tC23.936,39.943,23.306,39.874,22.875,40.219z\"><\/path>\n<\/g><\/svg>\n            \n            \n          <\/span>\n                <h4 class=\"u-custom-font u-font-oswald u-text u-text-1\">Desenvolvimento&nbsp;<\/h4>\n                <p class=\"u-text u-text-2\">Dentro das nossas instala\u00e7\u00f5es, com a nossa equipa, ou com parceiros estrat\u00e9gicos, desenvolvemos, testamos e produzimos as nossas solu\u00e7\u00f5es.<\/p>\n              <\/div>\n            <\/div>\n            <div class=\"u-container-style u-list-item u-repeater-item\">\n              <div class=\"u-container-layout u-similar-container u-container-layout-3\"><span class=\"u-icon u-icon-circle u-palette-1-base u-icon-2\"><svg class=\"u-svg-link\" preserveAspectRatio=\"xMidYMin slice\" viewBox=\"0 0 59.999 59.999\" style=\"\"><use xlink:href=\"#svg-fc26\"><\/use><\/svg><svg class=\"u-svg-content\" viewBox=\"0 0 59.999 59.999\" x=\"0px\" y=\"0px\" id=\"svg-fc26\" style=\"enable-background:new 0 0 59.999 59.999;\"><g><path d=\"M36.176,49.999c-1.93,0-3.5,1.57-3.5,3.5s1.57,3.5,3.5,3.5s3.5-1.57,3.5-3.5S38.105,49.999,36.176,49.999z M36.176,54.999\n\t\tc-0.827,0-1.5-0.673-1.5-1.5s0.673-1.5,1.5-1.5s1.5,0.673,1.5,1.5S37.003,54.999,36.176,54.999z\"><\/path><path d=\"M40.676,36.999c2.206,0,4-1.794,4-4s-1.794-4-4-4s-4,1.794-4,4S38.469,36.999,40.676,36.999z M40.676,30.999\n\t\tc1.103,0,2,0.897,2,2s-0.897,2-2,2s-2-0.897-2-2S39.573,30.999,40.676,30.999z\"><\/path><path d=\"M16.676,11.999c0.256,0,0.512-0.098,0.707-0.293l2-2c0.391-0.391,0.391-1.023,0-1.414s-1.023-0.391-1.414,0l-2,2\n\t\tc-0.391,0.391-0.391,1.023,0,1.414C16.164,11.901,16.42,11.999,16.676,11.999z\"><\/path><path d=\"M52.676,29.747c0-0.88-0.343-1.707-0.965-2.329l-0.557-0.557c0.949-0.84,1.521-2.055,1.521-3.362\n\t\tc0-2.481-2.019-4.5-4.5-4.5c-0.182,0-0.362,0.018-0.54,0.04c0.022-0.179,0.04-0.357,0.04-0.54c0-2.481-2.019-4.5-4.5-4.5\n\t\tc-0.182,0-0.362,0.018-0.54,0.04c0.022-0.179,0.04-0.357,0.04-0.54c0-2.481-2.019-4.5-4.5-4.5c-0.182,0-0.362,0.018-0.54,0.04\n\t\tc0.022-0.179,0.04-0.357,0.04-0.54c0-2.481-2.019-4.5-4.5-4.5c-1.308,0-2.522,0.573-3.362,1.521l-0.794-0.794l-3.763-3.763\n\t\tc-1.285-1.285-3.375-1.285-4.658,0L8.286,13.275c-1.283,1.285-1.283,3.374,0,4.659l3.763,3.763l4.91,4.91\n\t\tc-1.356,0.776-2.283,2.221-2.283,3.892c0,1.563,0.803,2.941,2.017,3.748c0.061,0.081,0.132,0.161,0.227,0.242l10.756,10.715v1.796\n\t\th-2v13h18h8v-13h-2V43.97c1.913-1.621,3-3.952,3-6.471c0-1.74-0.543-3.43-1.536-4.852l0.571-0.571\n\t\tC52.333,31.454,52.676,30.627,52.676,29.747z M50.676,23.499c0,0.768-0.354,1.479-0.937,1.947l-3.511-3.511\n\t\tc0.468-0.583,1.18-0.937,1.947-0.937C49.554,20.999,50.676,22.12,50.676,23.499z M45.676,18.499c0,0.768-0.354,1.479-0.937,1.947\n\t\tl-3.511-3.511c0.468-0.583,1.18-0.937,1.947-0.937C44.554,15.999,45.676,17.12,45.676,18.499z M40.676,13.499\n\t\tc0,0.768-0.354,1.479-0.937,1.947l-3.511-3.511c0.468-0.583,1.18-0.937,1.947-0.937C39.554,10.999,40.676,12.12,40.676,13.499z\n\t\t M33.176,5.999c1.379,0,2.5,1.121,2.5,2.5c0,0.768-0.354,1.479-0.937,1.947l-3.511-3.511C31.696,6.353,32.408,5.999,33.176,5.999z\n\t\t M9.7,16.521c-0.504-0.505-0.504-1.326,0-1.831L22.012,2.378c0.125-0.125,0.271-0.219,0.426-0.282\n\t\tc0.07-0.029,0.149-0.028,0.223-0.044c0.178-0.038,0.354-0.038,0.532,0c0.074,0.016,0.153,0.015,0.223,0.044\n\t\tc0.155,0.063,0.3,0.157,0.426,0.282l2.349,2.349L12.049,18.869L9.7,16.521z M27.605,6.141l1.178,1.178l5,5l0.573,0.573l4.427,4.427\n\t\tl0.573,0.573l4.427,4.427l0.573,0.573l5,5l0.94,0.94c0.505,0.505,0.505,1.325,0,1.83L49.859,31.1l0,0L37.985,42.975\n\t\tc-0.503,0.504-1.326,0.506-1.831,0l-7.975-7.976h0.996c2.481,0,4.5-2.019,4.5-4.5s-2.019-4.5-4.5-4.5h-9.997l-5.716-5.716\n\t\tL27.605,6.141z M18.636,28.061l0.415-0.047c0.041-0.006,0.082-0.015,0.124-0.015h10c1.379,0,2.5,1.121,2.5,2.5s-1.121,2.5-2.5,2.5\n\t\th-2.996h-2.828h-4.176c-1.379,0-2.5-1.121-2.5-2.5C16.676,29.306,17.517,28.309,18.636,28.061z M27.676,57.999v-9h8.426\n\t\tc3.073,0,5.574,2.501,5.574,5.574v3.426H27.676z M49.676,57.999h-6v-3.426c0-2.206-0.954-4.188-2.464-5.574h8.464V57.999z\n\t\t M49.701,34.087c0.634,1.021,0.975,2.202,0.975,3.412c0,2.055-0.948,3.946-2.602,5.191l-0.398,0.3v4.009H36.101h-6.426v-2.718\n\t\tl-0.353-0.299c-0.045-0.039-0.093-0.075-0.18-0.14l-8.877-8.844h5.085l9.389,9.39c0.643,0.642,1.486,0.963,2.329,0.963\n\t\tc0.844,0,1.688-0.321,2.33-0.963L49.701,34.087z\"><\/path>\n<\/g><\/svg>\n            \n            \n          <\/span>\n                <h4 class=\"u-custom-font u-font-oswald u-text u-text-3\">Instala\u00e7\u00e3o e Integra\u00e7\u00e3o<\/h4>\n                <p class=\"u-text u-text-4\">Temos uma equipa especializada e dedicada, que nos garantem a continuidade das nossas solu\u00e7\u00f5es, fazendo instala\u00e7\u00f5es e integra\u00e7\u00f5es profissionais.<\/p>\n              <\/div>\n            <\/div>\n            <div class=\"u-container-style u-list-item u-repeater-item\">\n              <div class=\"u-container-layout u-similar-container u-container-layout-4\"><span class=\"u-icon u-icon-circle u-palette-1-base u-icon-3\"><svg class=\"u-svg-link\" preserveAspectRatio=\"xMidYMin slice\" viewBox=\"0 0 60 60\" style=\"\"><use xlink:href=\"#svg-64e6\"><\/use><\/svg><svg class=\"u-svg-content\" viewBox=\"0 0 60 60\" x=\"0px\" y=\"0px\" id=\"svg-64e6\" style=\"enable-background:new 0 0 60 60;\"><path d=\"M55.014,45.389l-9.553-4.776C44.56,40.162,44,39.256,44,38.248v-3.381c0.229-0.28,0.47-0.599,0.719-0.951\n\tc1.239-1.75,2.232-3.698,2.954-5.799C49.084,27.47,50,26.075,50,24.5v-4c0-0.963-0.36-1.896-1-2.625v-5.319\n\tc0.056-0.55,0.276-3.824-2.092-6.525C44.854,3.688,41.521,2.5,37,2.5s-7.854,1.188-9.908,3.53c-1.435,1.637-1.918,3.481-2.064,4.805\n\tC23.314,9.949,21.294,9.5,19,9.5c-10.389,0-10.994,8.855-11,9v4.579c-0.648,0.706-1,1.521-1,2.33v3.454\n\tc0,1.079,0.483,2.085,1.311,2.765c0.825,3.11,2.854,5.46,3.644,6.285v2.743c0,0.787-0.428,1.509-1.171,1.915l-6.653,4.173\n\tC1.583,48.134,0,50.801,0,53.703V57.5h14h2h44v-4.043C60,50.019,58.089,46.927,55.014,45.389z M14,53.262V55.5H2v-1.797\n\tc0-2.17,1.184-4.164,3.141-5.233l6.652-4.173c1.333-0.727,2.161-2.121,2.161-3.641v-3.591l-0.318-0.297\n\tc-0.026-0.024-2.683-2.534-3.468-5.955l-0.091-0.396l-0.342-0.22C9.275,29.899,9,29.4,9,28.863v-3.454\n\tc0-0.36,0.245-0.788,0.671-1.174L10,23.938l-0.002-5.38C10.016,18.271,10.537,11.5,19,11.5c2.393,0,4.408,0.553,6,1.644v4.731\n\tc-0.64,0.729-1,1.662-1,2.625v4c0,0.304,0.035,0.603,0.101,0.893c0.027,0.116,0.081,0.222,0.118,0.334\n\tc0.055,0.168,0.099,0.341,0.176,0.5c0.001,0.002,0.002,0.003,0.003,0.005c0.256,0.528,0.629,1,1.099,1.377\n\tc0.005,0.019,0.011,0.036,0.016,0.054c0.06,0.229,0.123,0.457,0.191,0.68l0.081,0.261c0.014,0.046,0.031,0.093,0.046,0.139\n\tc0.035,0.108,0.069,0.215,0.105,0.321c0.06,0.175,0.123,0.356,0.196,0.553c0.031,0.082,0.065,0.156,0.097,0.237\n\tc0.082,0.209,0.164,0.411,0.25,0.611c0.021,0.048,0.039,0.1,0.06,0.147l0.056,0.126c0.026,0.058,0.053,0.11,0.079,0.167\n\tc0.098,0.214,0.194,0.421,0.294,0.621c0.016,0.032,0.031,0.067,0.047,0.099c0.063,0.125,0.126,0.243,0.189,0.363\n\tc0.108,0.206,0.214,0.4,0.32,0.588c0.052,0.092,0.103,0.182,0.154,0.269c0.144,0.246,0.281,0.472,0.414,0.682\n\tc0.029,0.045,0.057,0.092,0.085,0.135c0.242,0.375,0.452,0.679,0.626,0.916c0.046,0.063,0.086,0.117,0.125,0.17\n\tc0.022,0.029,0.052,0.071,0.071,0.097v3.309c0,0.968-0.528,1.856-1.377,2.32l-2.646,1.443l-0.461-0.041l-0.188,0.395l-5.626,3.069\n\tC15.801,46.924,14,49.958,14,53.262z M58,55.5H16v-2.238c0-2.571,1.402-4.934,3.659-6.164l8.921-4.866\n\tC30.073,41.417,31,39.854,31,38.155v-4.018v-0.001l-0.194-0.232l-0.038-0.045c-0.002-0.003-0.064-0.078-0.165-0.21\n\tc-0.006-0.008-0.012-0.016-0.019-0.024c-0.053-0.069-0.115-0.152-0.186-0.251c-0.001-0.002-0.002-0.003-0.003-0.005\n\tc-0.149-0.207-0.336-0.476-0.544-0.8c-0.005-0.007-0.009-0.015-0.014-0.022c-0.098-0.153-0.202-0.32-0.308-0.497\n\tc-0.008-0.013-0.016-0.026-0.024-0.04c-0.226-0.379-0.466-0.808-0.705-1.283c0,0-0.001-0.001-0.001-0.002\n\tc-0.127-0.255-0.254-0.523-0.378-0.802l0,0c-0.017-0.039-0.035-0.077-0.052-0.116h0c-0.055-0.125-0.11-0.256-0.166-0.391\n\tc-0.02-0.049-0.04-0.1-0.06-0.15c-0.052-0.131-0.105-0.263-0.161-0.414c-0.102-0.272-0.198-0.556-0.29-0.849l-0.055-0.178\n\tc-0.006-0.02-0.013-0.04-0.019-0.061c-0.094-0.316-0.184-0.639-0.26-0.971l-0.091-0.396l-0.341-0.22\n\tC26.346,25.803,26,25.176,26,24.5v-4c0-0.561,0.238-1.084,0.67-1.475L27,18.728V12.5v-0.354l-0.027-0.021\n\tc-0.034-0.722,0.009-2.935,1.623-4.776C30.253,5.458,33.081,4.5,37,4.5c3.905,0,6.727,0.951,8.386,2.828\n\tc1.947,2.201,1.625,5.017,1.623,5.041L47,18.728l0.33,0.298C47.762,19.416,48,19.939,48,20.5v4c0,0.873-0.572,1.637-1.422,1.899\n\tl-0.498,0.153l-0.16,0.495c-0.669,2.081-1.622,4.003-2.834,5.713c-0.297,0.421-0.586,0.794-0.837,1.079L42,34.123v4.125\n\tc0,1.77,0.983,3.361,2.566,4.153l9.553,4.776C56.513,48.374,58,50.78,58,53.457V55.5z\"><\/path><\/svg>\n            \n            \n          <\/span>\n                <h4 class=\"u-custom-font u-font-oswald u-text u-text-5\">Suporte T\u00e9cnico &nbsp;&nbsp;<\/h4>\n                <p class=\"u-text u-text-6\">Sabemos que \u00e9 mais importante ter um bom acompanhamento e suporte do que um bom produto, dar continuidade, garantir o seu funcionamento \u00e9 a forma correcta de garantir o seu investimento.<\/p>\n              <\/div>\n            <\/div>\n          <\/div>\n        <\/div>\n        <div class=\"custom-expanded u-container-style u-group u-palette-1-base u-radius u-shape-round u-group-2\">\n          <div class=\"u-container-layout u-valign-middle u-container-layout-5\">\n            <h2 class=\"u-align-right u-custom-font u-text u-text-7\" data-animation-name=\"customAnimationIn\" data-animation-duration=\"1000\" data-animation-delay=\"0\">Desenvolvimento. Instala\u00e7\u00e3o.<br>Suporte T\u00e9cnico \n            <\/h2>\n          <\/div>\n        <\/div>\n      <\/div>\n    <\/section>\n    \n    \n    \n    \n  \n","protected":false},"excerpt":{"rendered":"<p>bem-vindos Sejam bem-vindos,.Acreditamos que na vida e nos neg\u00f3cios, a credibilidade, &nbsp;a confian\u00e7a e o respeito s\u00e3o a base para um caminho de sucesso ao qual devemos &nbsp;juntar o profissionalismo, a dedica\u00e7\u00e3o, a capacidade de fazer diferente e melhor.Respeitando e valorizando os parceiros, os clientes e amigos, s\u00f3 assim crescemos e conquistamos a nossa parte &hellip; <a href=\"https:\/\/cway.pt\/\" class=\"more-link\">Continue reading<span class=\"screen-reader-text\"> &#8220;P\u00e1gina Inicial&#8221;<\/span><\/a><\/p>\n","protected":false},"author":1,"featured_media":0,"parent":0,"menu_order":4,"comment_status":"closed","ping_status":"closed","template":"","meta":{"footnotes":""},"class_list":["post-489","page","type-page","status-publish","hentry"],"_links":{"self":[{"href":"https:\/\/cway.pt\/index.php?rest_route=\/wp\/v2\/pages\/489","targetHints":{"allow":["GET"]}}],"collection":[{"href":"https:\/\/cway.pt\/index.php?rest_route=\/wp\/v2\/pages"}],"about":[{"href":"https:\/\/cway.pt\/index.php?rest_route=\/wp\/v2\/types\/page"}],"author":[{"embeddable":true,"href":"https:\/\/cway.pt\/index.php?rest_route=\/wp\/v2\/users\/1"}],"replies":[{"embeddable":true,"href":"https:\/\/cway.pt\/index.php?rest_route=%2Fwp%2Fv2%2Fcomments&post=489"}],"version-history":[{"count":2,"href":"https:\/\/cway.pt\/index.php?rest_route=\/wp\/v2\/pages\/489\/revisions"}],"predecessor-version":[{"id":510,"href":"https:\/\/cway.pt\/index.php?rest_route=\/wp\/v2\/pages\/489\/revisions\/510"}],"wp:attachment":[{"href":"https:\/\/cway.pt\/index.php?rest_route=%2Fwp%2Fv2%2Fmedia&parent=489"}],"curies":[{"name":"wp","href":"https:\/\/api.w.org\/{rel}","templated":true}]}}