{"id":487,"date":"2024-06-06T14:53:40","date_gmt":"2024-06-06T14:53:40","guid":{"rendered":"https:\/\/cway.pt\/?page_id=487"},"modified":"2024-06-06T14:53:44","modified_gmt":"2024-06-06T14:53:44","slug":"passadeira-inteligente","status":"publish","type":"page","link":"https:\/\/cway.pt\/?page_id=487","title":{"rendered":"Passadeira Inteligente"},"content":{"rendered":"\n  \n    <section class=\"u-clearfix u-section-1\" id=\"sec-e9c0\">\n      <div class=\"u-clearfix u-sheet u-sheet-1\">\n        <div class=\"custom-expanded data-layout-selected u-clearfix u-gutter-50 u-layout-wrap u-layout-wrap-1\">\n          <div class=\"u-layout\">\n            <div class=\"u-layout-row\">\n              <div class=\"u-align-left u-container-style u-layout-cell u-right-cell u-size-22 u-layout-cell-1\">\n                <div class=\"u-container-layout u-container-layout-1\">\n                  <h2 class=\"u-text u-text-1\">PASSADEIRA INTELIGENTE CWAY&nbsp;<br>\n                    <br>\n                  <\/h2>\n                  <p class=\"u-custom-font u-heading-font u-text u-text-2\">\u00c9 um equipamento tecnol\u00f3gico que transforma as passadeiras de pe\u00f5es sem gest\u00e3o de trafego em passadeiras seguras , comunicantes e inteligentes.<br>&nbsp;Com uma instala\u00e7\u00e3o simples, e com design urbano, adapt\u00e1vel a todas as passadeiras de pe\u00f5es, a CWAY tem por objectivo reduzir para ZERO os atropelamentos nas passadeiras, avisando previamente por sinais luminosos os condutores de ve\u00edculos.&nbsp;<br>Com tecnologia certificada e equipado com baterias de emerg\u00eancia, \u00e9 uma solu\u00e7\u00e3o com elevada efici\u00eancia energ\u00e9tica.&nbsp;<br>\n                    <br>registo de patente N\u00ba 110379\n                  <\/p>\n                <\/div>\n              <\/div>\n              <div class=\"u-align-left u-container-style u-layout-cell u-left-cell u-size-38 u-layout-cell-2\">\n                <div class=\"u-container-layout u-container-layout-2\">\n                  <div class=\"u-expanded u-video\">\n                    <div class=\"embed-responsive embed-responsive-1\">\n                      <iframe style=\"position: absolute;top: 0;left: 0;width: 100%;height: 100%;\" class=\"embed-responsive-item\" src=\"https:\/\/www.youtube.com\/embed\/uYXVSx45QUg?playlist=uYXVSx45QUg&amp;loop=1&amp;mute=1&amp;showinfo=0&amp;controls=0&amp;start=0&amp;autoplay=1\" data-autoplay=\"1\" frameborder=\"0\" allowfullscreen=\"\"><\/iframe>\n                    <\/div>\n                  <\/div>\n                <\/div>\n              <\/div>\n            <\/div>\n          <\/div>\n        <\/div>\n      <\/div>\n    <\/section>\n    <section class=\"u-clearfix u-palette-1-base u-section-2\" id=\"sec-08f7\">\n      <div class=\"u-clearfix u-sheet u-sheet-1\">\n        <img decoding=\"async\" class=\"u-image u-image-circle u-image-1\" src=\"https:\/\/cway.pt\/wp-content\/uploads\/2024\/06\/gmr_londres-1.jpeg\" alt=\"\" data-image-width=\"960\" data-image-height=\"1280\" data-animation-name=\"customAnimationIn\" data-animation-duration=\"1000\">\n        <img decoding=\"async\" class=\"u-image u-image-round u-radius u-image-2\" src=\"https:\/\/cway.pt\/wp-content\/uploads\/2024\/06\/av4grande-1.jpeg\" alt=\"\" data-image-width=\"1280\" data-image-height=\"960\" data-animation-name=\"customAnimationIn\" data-animation-duration=\"1000\" data-animation-direction=\"\">\n        <p class=\"u-custom-font u-heading-font u-text u-text-default u-text-1\">INSTALA\u00c7\u00c3O SIMPLES<br>DESIGN URBANO<br>ADAPT\u00c1VEL A TODAS AS PASSADEIRAS&nbsp;<br>TECNOLOGIA CERTIFICADA&nbsp;<br>DETEC\u00c7\u00c3O POR IA<br>MONITORIZA\u00c7\u00c3O ONLINE<br>RECOLHA DE DADOS ANALITICOS&nbsp;<br>TECNOLOGIA LED<br>ANALITICA DE MOBILIDADE&nbsp;\n        <\/p>\n      <\/div>\n    <\/section>\n    <section class=\"u-clearfix u-grey-10 u-section-3\" id=\"carousel_0733\">\n      <div class=\"u-clearfix u-sheet u-sheet-1\">\n        <div class=\"data-layout-selected u-clearfix u-expanded-width u-gutter-50 u-layout-wrap u-layout-wrap-1\">\n          <div class=\"u-layout\">\n            <div class=\"u-layout-row\">\n              <div class=\"u-align-left u-container-style u-layout-cell u-left-cell u-size-37 u-layout-cell-1\">\n                <div class=\"u-container-layout u-container-layout-1\">\n                  <div class=\"custom-expanded u-border-1 u-border-grey-75 u-video u-video-contain u-video-1\">\n                    <div class=\"embed-responsive embed-responsive-1\">\n                      <iframe style=\"position: absolute;top: 0;left: 0;width: 100%;height: 100%;\" class=\"embed-responsive-item\" src=\"https:\/\/www.youtube.com\/embed\/NZJTIDrZpNI?playlist=NZJTIDrZpNI&amp;loop=1&amp;mute=1&amp;showinfo=0&amp;controls=0&amp;start=0&amp;autoplay=1\" data-autoplay=\"1\" frameborder=\"0\" allowfullscreen=\"\"><\/iframe>\n                    <\/div>\n                  <\/div>\n                <\/div>\n              <\/div>\n              <div class=\"u-align-left u-container-style u-layout-cell u-right-cell u-size-23 u-layout-cell-2\">\n                <div class=\"u-container-layout u-container-layout-2\">\n                  <h2 class=\"u-text u-text-1\">CWAY - PASSADEIRA INTELIGENTE<br>ESPANHA _ ROTA CADIZ\n                  <\/h2>\n                  <p class=\"u-text u-text-2\">A passadeira inteligente CWAY\u200b, \u00e9 solu\u00e7\u00e3o tamb\u00e9m nas passadeiras de pe\u00f5es em Espanha.&nbsp;<br>- Ilumina\u00e7\u00e3o dedicada ao pedestre.<br>- alarmistica visual ao condutor.&nbsp;<br>- anal\u00edtica em tempo real da mobilidade.&nbsp;<br>- monitoriza\u00e7\u00e3o online.&nbsp;<br>\n                    <br>\n                  <\/p>\n                  <p class=\"u-text u-text-3\">\n                    <a class=\"u-active-none u-border-none u-btn u-button-link u-button-style u-hover-none u-none u-text-black u-btn-1\" data-href=\"https:\/\/www.udiberica.com\" data-target=\"_blank\" href=\"https:\/\/www.udiberica.com\" target=\"_blank\">Lo passo de peatones inteligente CWAY tambi\u00e9n es una soluci\u00f3n en Espa\u00f1a.&nbsp;<br>- Iluminaci\u00f3n dedicada a los peatones.<br>- alarmista visual para el conductor&nbsp;<br>- an\u00e1lisis de movilidad en tiempo real&nbsp;<br>- seguimiento online<br>\n                      <br>Espanha hablar con UDIBERICA. &nbsp; &nbsp;\ud83c\uddea\ud83c\uddf8&nbsp;<br>\n                    <\/a>\n                  <\/p>\n                <\/div>\n              <\/div>\n            <\/div>\n          <\/div>\n        <\/div>\n      <\/div>\n    <\/section>\n    <section class=\"u-clearfix u-palette-1-base u-section-4\" id=\"carousel_b76c\">\n      <div class=\"u-clearfix u-sheet u-sheet-1\">\n        <img decoding=\"async\" class=\"u-image u-image-contain u-image-round u-radius u-image-1\" src=\"https:\/\/cway.pt\/wp-content\/uploads\/2024\/06\/Capturadeecra2024-02-16as13.52.05-1.png\" alt=\"\" data-image-width=\"2270\" data-image-height=\"970\" data-animation-name=\"customAnimationIn\" data-animation-duration=\"1000\" data-animation-direction=\"\">\n        <img decoding=\"async\" class=\"u-image u-image-circle u-image-2\" src=\"https:\/\/cway.pt\/wp-content\/uploads\/2024\/06\/Capturadeecra2024-02-16as13.54.39-1.png\" alt=\"\" data-image-width=\"2288\" data-image-height=\"924\" data-animation-name=\"customAnimationIn\" data-animation-duration=\"1000\">\n        <p class=\"u-custom-font u-heading-font u-text u-text-1\">REGISTO DE MOBILIDADE&nbsp;<br>Registar, quantificar e analisar \u00e9 sem duvida a op\u00e7\u00e3o correcta para melhores tomadas de decis\u00e3o.&nbsp;<br>- contagem de ve\u00edculos por classes&nbsp;<br>- contagem de pedestres&nbsp;<br>- Registo de velocidades de passagem&nbsp;<br>- Sentido dos ve\u00edculos&nbsp;\n        <\/p>\n        <img decoding=\"async\" class=\"u-image u-image-contain u-image-round u-radius u-image-3\" src=\"https:\/\/cway.pt\/wp-content\/uploads\/2024\/06\/Capturadeecra2024-02-16as13.53.15-1.png\" alt=\"\" data-image-width=\"1764\" data-image-height=\"846\" data-animation-name=\"customAnimationIn\" data-animation-duration=\"1000\" data-animation-direction=\"\">\n        <img decoding=\"async\" class=\"u-image u-image-circle u-image-4\" src=\"https:\/\/cway.pt\/wp-content\/uploads\/2024\/06\/Capturadeecra2024-02-16as13.52.54-1.png\" alt=\"\" data-image-width=\"2270\" data-image-height=\"276\" data-animation-name=\"customAnimationIn\" data-animation-duration=\"1000\">\n        <p class=\"u-align-right u-custom-font u-heading-font u-text u-text-2\">DASHBOARD DEDICADO<br>ANAL\u00cdTICA DE MOBILIDADE<br>\n          <br>Dados que a ajudam:&nbsp;<br>- planos de mobilidade&nbsp;<br>- PMUS<br>- Zonas 30<br>- Comercio Tradicional&nbsp;<br>- Estacionamento&nbsp;<br>\n          <br>&nbsp;\n        <\/p>\n      <\/div>\n    <\/section>\n    \n    \n    \n    \n    \n  \n","protected":false},"excerpt":{"rendered":"<p>PASSADEIRA INTELIGENTE CWAY&nbsp; \u00c9 um equipamento tecnol\u00f3gico que transforma as passadeiras de pe\u00f5es sem gest\u00e3o de trafego em passadeiras seguras , comunicantes e inteligentes.&nbsp;Com uma instala\u00e7\u00e3o simples, e com design urbano, adapt\u00e1vel a todas as passadeiras de pe\u00f5es, a CWAY tem por objectivo reduzir para ZERO os atropelamentos nas passadeiras, avisando previamente por sinais luminosos &hellip; <a href=\"https:\/\/cway.pt\/?page_id=487\" class=\"more-link\">Continue reading<span class=\"screen-reader-text\"> &#8220;Passadeira Inteligente&#8221;<\/span><\/a><\/p>\n","protected":false},"author":1,"featured_media":0,"parent":0,"menu_order":2,"comment_status":"closed","ping_status":"closed","template":"","meta":{"footnotes":""},"class_list":["post-487","page","type-page","status-publish","hentry"],"_links":{"self":[{"href":"https:\/\/cway.pt\/index.php?rest_route=\/wp\/v2\/pages\/487","targetHints":{"allow":["GET"]}}],"collection":[{"href":"https:\/\/cway.pt\/index.php?rest_route=\/wp\/v2\/pages"}],"about":[{"href":"https:\/\/cway.pt\/index.php?rest_route=\/wp\/v2\/types\/page"}],"author":[{"embeddable":true,"href":"https:\/\/cway.pt\/index.php?rest_route=\/wp\/v2\/users\/1"}],"replies":[{"embeddable":true,"href":"https:\/\/cway.pt\/index.php?rest_route=%2Fwp%2Fv2%2Fcomments&post=487"}],"version-history":[{"count":1,"href":"https:\/\/cway.pt\/index.php?rest_route=\/wp\/v2\/pages\/487\/revisions"}],"predecessor-version":[{"id":498,"href":"https:\/\/cway.pt\/index.php?rest_route=\/wp\/v2\/pages\/487\/revisions\/498"}],"wp:attachment":[{"href":"https:\/\/cway.pt\/index.php?rest_route=%2Fwp%2Fv2%2Fmedia&parent=487"}],"curies":[{"name":"wp","href":"https:\/\/api.w.org\/{rel}","templated":true}]}}