{"id":486,"date":"2024-06-06T14:53:39","date_gmt":"2024-06-06T14:53:39","guid":{"rendered":"https:\/\/cway.pt\/?page_id=486"},"modified":"2024-06-06T14:53:44","modified_gmt":"2024-06-06T14:53:44","slug":"contactos","status":"publish","type":"page","link":"https:\/\/cway.pt\/?page_id=486","title":{"rendered":"Contactos"},"content":{"rendered":"\n  \n    <section class=\"u-clearfix u-gradient u-section-1\" id=\"carousel_31d5\">\n      <div class=\"u-clearfix u-sheet u-sheet-1\">\n        <div class=\"u-list u-list-1\">\n          <div class=\"u-repeater u-repeater-1\">\n            <div class=\"u-align-center u-border-1 u-border-palette-1-base u-container-style u-list-item u-radius u-repeater-item u-shape-round u-white u-list-item-1\">\n              <div class=\"u-container-layout u-similar-container u-valign-top u-container-layout-1\"><span class=\"u-icon u-icon-circle u-text-palette-2-dark-1 u-icon-1\"><svg class=\"u-svg-link\" preserveAspectRatio=\"xMidYMin slice\" viewBox=\"0 0 52 52\" style=\"\"><use xlink:href=\"#svg-077e\"><\/use><\/svg><svg class=\"u-svg-content\" viewBox=\"0 0 52 52\" x=\"0px\" y=\"0px\" id=\"svg-077e\" style=\"enable-background:new 0 0 52 52;\"><path style=\"fill:currentColor;\" d=\"M38.853,5.324L38.853,5.324c-7.098-7.098-18.607-7.098-25.706,0h0\n\tC6.751,11.72,6.031,23.763,11.459,31L26,52l14.541-21C45.969,23.763,45.249,11.72,38.853,5.324z M26.177,24c-3.314,0-6-2.686-6-6\n\ts2.686-6,6-6s6,2.686,6,6S29.491,24,26.177,24z\"><\/path><\/svg><\/span>\n                <h5 class=\"u-text u-text-1\">our main office<\/h5>\n                <p class=\"u-text u-text-2\">Rua do Souto Longo, 122&nbsp;<br>&nbsp;VN Famalic\u00e3o\n                <\/p>\n              <\/div>\n            <\/div>\n            <div class=\"u-align-center u-border-1 u-border-palette-1-base u-container-style u-list-item u-radius u-repeater-item u-shape-round u-white u-list-item-2\">\n              <div class=\"u-container-layout u-similar-container u-valign-top u-container-layout-2\"><span class=\"u-icon u-icon-circle u-text-palette-2-dark-1 u-icon-2\"><svg class=\"u-svg-link\" preserveAspectRatio=\"xMidYMin slice\" viewBox=\"0 0 513.64 513.64\" style=\"\"><use xlink:href=\"#svg-9786\"><\/use><\/svg><svg class=\"u-svg-content\" viewBox=\"0 0 513.64 513.64\" x=\"0px\" y=\"0px\" id=\"svg-9786\" style=\"enable-background:new 0 0 513.64 513.64;\"><g><g><path d=\"M499.66,376.96l-71.68-71.68c-25.6-25.6-69.12-15.359-79.36,17.92c-7.68,23.041-33.28,35.841-56.32,30.72    c-51.2-12.8-120.32-79.36-133.12-133.12c-7.68-23.041,7.68-48.641,30.72-56.32c33.28-10.24,43.52-53.76,17.92-79.36l-71.68-71.68    c-20.48-17.92-51.2-17.92-69.12,0l-48.64,48.64c-48.64,51.2,5.12,186.88,125.44,307.2c120.32,120.32,256,176.641,307.2,125.44    l48.64-48.64C517.581,425.6,517.581,394.88,499.66,376.96z\"><\/path>\n<\/g>\n<\/g><\/svg><\/span>\n                <h5 class=\"u-custom-font u-font-open-sans u-text u-text-3\">phone number<\/h5>\n                <p class=\"u-text u-text-4\">+351 ( 252 ) 102 289<\/p>\n              <\/div>\n            <\/div>\n            <div class=\"u-align-center u-border-1 u-border-palette-1-base u-container-style u-list-item u-radius u-repeater-item u-shape-round u-white u-list-item-3\">\n              <div class=\"u-container-layout u-similar-container u-valign-top u-container-layout-3\"><span class=\"u-icon u-icon-circle u-text-palette-2-dark-1 u-icon-3\"><svg class=\"u-svg-link\" preserveAspectRatio=\"xMidYMin slice\" viewBox=\"0 0 512 512\" style=\"\"><use xlink:href=\"#svg-9f82\"><\/use><\/svg><svg class=\"u-svg-content\" viewBox=\"0 0 512 512\" x=\"0px\" y=\"0px\" id=\"svg-9f82\" style=\"enable-background:new 0 0 512 512;\"><g><g><path d=\"M507.49,101.721L352.211,256L507.49,410.279c2.807-5.867,4.51-12.353,4.51-19.279V121    C512,114.073,510.297,107.588,507.49,101.721z\"><\/path>\n<\/g>\n<\/g><g><g><path d=\"M467,76H45c-6.927,0-13.412,1.703-19.279,4.51l198.463,197.463c17.548,17.548,46.084,17.548,63.632,0L486.279,80.51    C480.412,77.703,473.927,76,467,76z\"><\/path>\n<\/g>\n<\/g><g><g><path d=\"M4.51,101.721C1.703,107.588,0,114.073,0,121v270c0,6.927,1.703,13.413,4.51,19.279L159.789,256L4.51,101.721z\"><\/path>\n<\/g>\n<\/g><g><g><path d=\"M331,277.211l-21.973,21.973c-29.239,29.239-76.816,29.239-106.055,0L181,277.211L25.721,431.49    C31.588,434.297,38.073,436,45,436h422c6.927,0,13.412-1.703,19.279-4.51L331,277.211z\"><\/path>\n<\/g>\n<\/g><\/svg><\/span>\n                <h5 class=\"u-custom-font u-font-open-sans u-text u-text-5\">Email<\/h5>\n                <p class=\"u-text u-text-6\">\n                  <a href=\"mailto:hello@theme.com\" class=\"u-active-none u-border-1 u-border-no-left u-border-no-right u-border-no-top u-border-palette-1-base u-btn u-button-link u-button-style u-hover-none u-none u-text-palette-1-base u-btn-1\">info@cway.pt<\/a>\n                <\/p>\n              <\/div>\n            <\/div>\n          <\/div>\n        <\/div>\n        <div class=\"data-layout-selected u-clearfix u-layout-wrap u-layout-wrap-1\">\n          <div class=\"u-gutter-0 u-layout\">\n            <div class=\"u-layout-row\">\n              <div class=\"u-align-left u-container-style u-layout-cell u-radius u-size-60 u-layout-cell-1\">\n                <div class=\"u-border-1 u-border-palette-1-base u-container-layout u-container-layout-4\">\n                  <h3 class=\"u-text u-text-default u-text-7\">Fale connosco<\/h3>\n                  <h6 class=\"u-custom-font u-text u-text-font u-text-8\">Temos todo o gosto em esclarecer d\u00favidas e apresentar solu\u00e7\u00f5es as nossas solu\u00e7\u00f5es para os seus projectos.<\/h6>\n                  <div class=\"u-social-icons u-spacing-20 u-social-icons-1\">\n                    <a class=\"u-social-url\" target=\"_blank\" href=\"\"><span class=\"u-icon u-icon-circle u-social-facebook u-social-icon u-icon-4\">\n          <svg class=\"u-svg-link\" preserveAspectRatio=\"xMidYMin slice\" viewBox=\"0 0 112 112\" style=\"\"><use xlink:href=\"#svg-f107\"><\/use><\/svg>\n          <svg x=\"0px\" y=\"0px\" viewBox=\"0 0 112 112\" id=\"svg-f107\" class=\"u-svg-content\"><path d=\"M75.5,28.8H65.4c-1.5,0-4,0.9-4,4.3v9.4h13.9l-1.5,15.8H61.4v45.1H42.8V58.3h-8.8V42.4h8.8V32.2 c0-7.4,3.4-18.8,18.8-18.8h13.8v15.4H75.5z\"><\/path><\/svg>\n        <\/span>\n                    <\/a>\n                    <a class=\"u-social-url\" target=\"_blank\" href=\"\"><span class=\"u-icon u-icon-circle u-social-icon u-social-twitter u-icon-5\">\n          <svg class=\"u-svg-link\" preserveAspectRatio=\"xMidYMin slice\" viewBox=\"0 0 112 112\" style=\"\"><use xlink:href=\"#svg-e140\"><\/use><\/svg>\n          <svg x=\"0px\" y=\"0px\" viewBox=\"0 0 112 112\" id=\"svg-e140\" class=\"u-svg-content\"><path d=\"M92.2,38.2c0,0.8,0,1.6,0,2.3c0,24.3-18.6,52.4-52.6,52.4c-10.6,0.1-20.2-2.9-28.5-8.2 c1.4,0.2,2.9,0.2,4.4,0.2c8.7,0,16.7-2.9,23-7.9c-8.1-0.2-14.9-5.5-17.3-12.8c1.1,0.2,2.4,0.2,3.4,0.2c1.6,0,3.3-0.2,4.8-0.7 c-8.4-1.6-14.9-9.2-14.9-18c0-0.2,0-0.2,0-0.2c2.5,1.4,5.4,2.2,8.4,2.3c-5-3.3-8.3-8.9-8.3-15.4c0-3.4,1-6.5,2.5-9.2 c9.1,11.1,22.7,18.5,38,19.2c-0.2-1.4-0.4-2.8-0.4-4.3c0.1-10,8.3-18.2,18.5-18.2c5.4,0,10.1,2.2,13.5,5.7c4.3-0.8,8.1-2.3,11.7-4.5 c-1.4,4.3-4.3,7.9-8.1,10.1c3.7-0.4,7.3-1.4,10.6-2.9C98.9,32.3,95.7,35.5,92.2,38.2z\"><\/path><\/svg>\n        <\/span>\n                    <\/a>\n                    <a class=\"u-social-url\" target=\"_blank\" href=\"\"><span class=\"u-icon u-icon-circle u-social-icon u-social-instagram u-icon-6\">\n          <svg class=\"u-svg-link\" preserveAspectRatio=\"xMidYMin slice\" viewBox=\"0 0 112 112\" style=\"\"><use xlink:href=\"#svg-4718\"><\/use><\/svg>\n          <svg x=\"0px\" y=\"0px\" viewBox=\"0 0 112 112\" id=\"svg-4718\" class=\"u-svg-content\"><path d=\"M55.9,32.9c-12.8,0-23.2,10.4-23.2,23.2s10.4,23.2,23.2,23.2s23.2-10.4,23.2-23.2S68.7,32.9,55.9,32.9z M55.9,69.4c-7.4,0-13.3-6-13.3-13.3c-0.1-7.4,6-13.3,13.3-13.3s13.3,6,13.3,13.3C69.3,63.5,63.3,69.4,55.9,69.4z\"><\/path><path d=\"M79.7,26.8c-3,0-5.4,2.5-5.4,5.4s2.5,5.4,5.4,5.4c3,0,5.4-2.5,5.4-5.4S82.7,26.8,79.7,26.8z\"><\/path><path d=\"M78.2,11H33.5C21,11,10.8,21.3,10.8,33.7v44.7c0,12.6,10.2,22.8,22.7,22.8h44.7c12.6,0,22.7-10.2,22.7-22.7 V33.7C100.8,21.1,90.6,11,78.2,11z M91,78.4c0,7.1-5.8,12.8-12.8,12.8H33.5c-7.1,0-12.8-5.8-12.8-12.8V33.7 c0-7.1,5.8-12.8,12.8-12.8h44.7c7.1,0,12.8,5.8,12.8,12.8V78.4z\"><\/path><\/svg>\n        <\/span>\n                    <\/a>\n                    <a class=\"u-social-url\" target=\"_blank\" href=\"#\"><span class=\"u-icon u-icon-circle u-social-icon u-social-linkedin u-icon-7\">\n          <svg class=\"u-svg-link\" preserveAspectRatio=\"xMidYMin slice\" viewBox=\"0 0 112 112\" style=\"\"><use xlink:href=\"#svg-438b\"><\/use><\/svg>\n          <svg x=\"0px\" y=\"0px\" viewBox=\"0 0 112 112\" id=\"svg-438b\" class=\"u-svg-content\"><path d=\"M33.8,96.8H14.5v-58h19.3V96.8z M24.1,30.9L24.1,30.9c-6.6,0-10.8-4.5-10.8-10.1c0-5.8,4.3-10.1,10.9-10.1 S34.9,15,35.1,20.8C35.1,26.4,30.8,30.9,24.1,30.9z M103.3,96.8H84.1v-31c0-7.8-2.7-13.1-9.8-13.1c-5.3,0-8.5,3.6-9.9,7.1 c-0.6,1.3-0.6,3-0.6,4.8V97H44.5c0,0,0.3-52.6,0-58h19.3v8.2c2.6-3.9,7.2-9.6,17.4-9.6c12.7,0,22.2,8.4,22.2,26.1V96.8z\"><\/path><\/svg>\n        <\/span>\n                    <\/a>\n                  <\/div>\n                <\/div>\n              <\/div>\n            <\/div>\n          <\/div>\n        <\/div>\n      <\/div>\n    <\/section>\n    \n    \n    \n    \n    \n  \n","protected":false},"excerpt":{"rendered":"<p>our main office Rua do Souto Longo, 122&nbsp;&nbsp;VN Famalic\u00e3o phone number +351 ( 252 ) 102 289 Email info@cway.pt Fale connosco Temos todo o gosto em esclarecer d\u00favidas e apresentar solu\u00e7\u00f5es as nossas solu\u00e7\u00f5es para os seus projectos.<\/p>\n","protected":false},"author":1,"featured_media":0,"parent":0,"menu_order":1,"comment_status":"closed","ping_status":"closed","template":"","meta":{"footnotes":""},"class_list":["post-486","page","type-page","status-publish","hentry"],"_links":{"self":[{"href":"https:\/\/cway.pt\/index.php?rest_route=\/wp\/v2\/pages\/486","targetHints":{"allow":["GET"]}}],"collection":[{"href":"https:\/\/cway.pt\/index.php?rest_route=\/wp\/v2\/pages"}],"about":[{"href":"https:\/\/cway.pt\/index.php?rest_route=\/wp\/v2\/types\/page"}],"author":[{"embeddable":true,"href":"https:\/\/cway.pt\/index.php?rest_route=\/wp\/v2\/users\/1"}],"replies":[{"embeddable":true,"href":"https:\/\/cway.pt\/index.php?rest_route=%2Fwp%2Fv2%2Fcomments&post=486"}],"version-history":[{"count":1,"href":"https:\/\/cway.pt\/index.php?rest_route=\/wp\/v2\/pages\/486\/revisions"}],"predecessor-version":[{"id":497,"href":"https:\/\/cway.pt\/index.php?rest_route=\/wp\/v2\/pages\/486\/revisions\/497"}],"wp:attachment":[{"href":"https:\/\/cway.pt\/index.php?rest_route=%2Fwp%2Fv2%2Fmedia&parent=486"}],"curies":[{"name":"wp","href":"https:\/\/api.w.org\/{rel}","templated":true}]}}